{"id":427,"date":"2025-05-16T17:17:04","date_gmt":"2025-05-16T15:17:04","guid":{"rendered":"http:\/\/fundacjainterart.pl\/?page_id=427"},"modified":"2026-02-18T00:00:59","modified_gmt":"2026-02-17T23:00:59","slug":"wydarzenia","status":"publish","type":"page","link":"http:\/\/fundacjainterart.pl\/index.php\/wydarzenia\/","title":{"rendered":"Wydarzenia"},"content":{"rendered":"\n<p><strong>Nadchodz\u0105ce wydarzenia<\/strong><\/p>\n\n\n<div class=\"wp-block-image\">\n<figure class=\"aligncenter size-medium\"><img loading=\"lazy\" decoding=\"async\" width=\"213\" height=\"300\" src=\"http:\/\/fundacjainterart.pl\/wp-content\/uploads\/2026\/02\/Spotkanie-Depresja-i-co-dalej-5-213x300.png\" alt=\"\" class=\"wp-image-476\" srcset=\"http:\/\/fundacjainterart.pl\/wp-content\/uploads\/2026\/02\/Spotkanie-Depresja-i-co-dalej-5-213x300.png 213w, http:\/\/fundacjainterart.pl\/wp-content\/uploads\/2026\/02\/Spotkanie-Depresja-i-co-dalej-5.png 527w\" sizes=\"auto, (max-width: 213px) 100vw, 213px\" \/><\/figure><\/div>\n\n\n<p style=\"font-size:16px\">Ty lub kto\u015b z Twoich bliskich macie do\u015bwiadczacie depresji, obni\u017conego nastroju, mierzycie si\u0119 z kryzysem w emocjach?<br><br>Przyjd\u017a 21.02.2026 w sobot\u0119 o 17:00 do Przystani S\u0105siedzkiej na Opata Hackiego 33 w Gdyni.<\/p>\n\n\n\n<p style=\"font-size:16px\"><strong><em>Na spotkanie zaprosili\u015bmy Wsp\u00f3lnot\u0119 Anonimowych Depresant\u00f3w<\/em><\/strong>, aby przedstawili Pa\u0144stwu jedn\u0105 z mo\u017cliwo\u015bci radzenia sobie w kryzysie depresji. Grupa samopomocowa jak\u0105 s\u0105 Anonimowi Depresanci mo\u017ce by\u0107 dobrym wsparciem w trakcie terapii oraz w oczekiwaniu na terapi\u0119 lub po jej zako\u0144czeniu. Opowiedz\u0105 o tym przedstawiciele tej Wsp\u00f3lnoty samopomocowej.<\/p>\n\n\n\n<p style=\"font-size:16px\"><strong><em>W trakcie spotkania zobaczymy tak\u017ce wywiad z doktorem Piotrem Marcinowiczem, kt\u00f3ry specjalizuje si\u0119 w leczeniu depresji lekoopornej<\/em><\/strong>. W wywiadzie nawi\u0105zuje do Wsp\u00f3lnoty Anonimowych Depresant\u00f3w i omawia mo\u017cliwo\u015bci jakie daje wsparcie grup samopomocowych w procesie leczenia depresji.<\/p>\n\n\n\n<p style=\"font-size:16px\">Kiedy: 21.02.2026 sobota<br>Godzina: 17 do ok. 19:30<br>Gdzie: Przysta\u0144 S\u0105siedzka ul. Opata Hackiego 33 w Gdyni<\/p>\n\n\n\n<p style=\"font-size:16px\"><img loading=\"lazy\" decoding=\"async\" height=\"16\" width=\"16\" src=\"https:\/\/static.xx.fbcdn.net\/images\/emoji.php\/v9\/tf0\/2\/16\/1f449.png\" alt=\"\ud83d\udc49\"> Wst\u0119p wolny!<\/p>\n\n\n\n<p><strong>Minione wydarzenia<\/strong><\/p>\n\n\n\n<div class=\"wp-block-columns alignwide is-layout-flex wp-container-core-columns-is-layout-1 wp-block-columns-is-layout-flex\">\n<div class=\"wp-block-column is-layout-flow wp-block-column-is-layout-flow\">\n<figure class=\"wp-block-image alignfull size-large\"><img loading=\"lazy\" decoding=\"async\" width=\"1024\" height=\"1024\" src=\"http:\/\/fundacjainterart.pl\/wp-content\/uploads\/2025\/05\/II-Otwarte-Trojmiejskie-Spotkanie-Wspolnot-Pracujacych-na-Programie-12-Krokow-2-1024x1024.png\" alt=\"\" class=\"wp-image-434\" srcset=\"http:\/\/fundacjainterart.pl\/wp-content\/uploads\/2025\/05\/II-Otwarte-Trojmiejskie-Spotkanie-Wspolnot-Pracujacych-na-Programie-12-Krokow-2-1024x1024.png 1024w, http:\/\/fundacjainterart.pl\/wp-content\/uploads\/2025\/05\/II-Otwarte-Trojmiejskie-Spotkanie-Wspolnot-Pracujacych-na-Programie-12-Krokow-2-300x300.png 300w, http:\/\/fundacjainterart.pl\/wp-content\/uploads\/2025\/05\/II-Otwarte-Trojmiejskie-Spotkanie-Wspolnot-Pracujacych-na-Programie-12-Krokow-2-150x150.png 150w, http:\/\/fundacjainterart.pl\/wp-content\/uploads\/2025\/05\/II-Otwarte-Trojmiejskie-Spotkanie-Wspolnot-Pracujacych-na-Programie-12-Krokow-2-768x768.png 768w, http:\/\/fundacjainterart.pl\/wp-content\/uploads\/2025\/05\/II-Otwarte-Trojmiejskie-Spotkanie-Wspolnot-Pracujacych-na-Programie-12-Krokow-2-1200x1200.png 1200w, http:\/\/fundacjainterart.pl\/wp-content\/uploads\/2025\/05\/II-Otwarte-Trojmiejskie-Spotkanie-Wspolnot-Pracujacych-na-Programie-12-Krokow-2.png 1240w\" sizes=\"auto, (max-width: 1024px) 100vw, 1024px\" \/><figcaption class=\"wp-element-caption\"><a href=\"http:\/\/fundacjainterart.pl\/index.php\/ii-spotkanie-dla-mieszkancow-trojmiasta\/\"><strong>SPRAWD\u0179 SZCZEG\u00d3\u0141Y<\/strong><\/a><\/figcaption><\/figure>\n<\/div>\n\n\n\n<div class=\"wp-block-column is-layout-flow wp-block-column-is-layout-flow\">\n<figure class=\"wp-block-image alignfull size-large\"><img loading=\"lazy\" decoding=\"async\" width=\"827\" height=\"827\" src=\"http:\/\/fundacjainterart.pl\/wp-content\/uploads\/2025\/06\/II-Otwarte-Trojmiejskie-Spotkanie-Wspolnot-Pracujacych-na-Programie-12-Krokow-2.png\" alt=\"\" class=\"wp-image-464\" srcset=\"http:\/\/fundacjainterart.pl\/wp-content\/uploads\/2025\/06\/II-Otwarte-Trojmiejskie-Spotkanie-Wspolnot-Pracujacych-na-Programie-12-Krokow-2.png 827w, http:\/\/fundacjainterart.pl\/wp-content\/uploads\/2025\/06\/II-Otwarte-Trojmiejskie-Spotkanie-Wspolnot-Pracujacych-na-Programie-12-Krokow-2-300x300.png 300w, http:\/\/fundacjainterart.pl\/wp-content\/uploads\/2025\/06\/II-Otwarte-Trojmiejskie-Spotkanie-Wspolnot-Pracujacych-na-Programie-12-Krokow-2-150x150.png 150w, http:\/\/fundacjainterart.pl\/wp-content\/uploads\/2025\/06\/II-Otwarte-Trojmiejskie-Spotkanie-Wspolnot-Pracujacych-na-Programie-12-Krokow-2-768x768.png 768w\" sizes=\"auto, (max-width: 827px) 100vw, 827px\" \/><figcaption class=\"wp-element-caption\"><strong><a href=\"https:\/\/www.facebook.com\/profile.php?id=61560506480042\">SPRAWD\u0179 SZCZEG\u00d3\u0141Y<\/a><\/strong><\/figcaption><\/figure>\n<\/div>\n<\/div>\n\n\n\n<p><\/p>\n","protected":false},"excerpt":{"rendered":"<p>Nadchodz\u0105ce wydarzenia Ty lub kto\u015b z Twoich bliskich macie do\u015bwiadczacie depresji, obni\u017conego nastroju, mierzycie si\u0119 z kryzysem w emocjach? Przyjd\u017a 21.02.2026 w sobot\u0119 o 17:00 do Przystani S\u0105siedzkiej na Opata Hackiego 33 w Gdyni. Na spotkanie zaprosili\u015bmy Wsp\u00f3lnot\u0119 Anonimowych Depresant\u00f3w, aby przedstawili Pa\u0144stwu jedn\u0105 z mo\u017cliwo\u015bci radzenia sobie w kryzysie depresji. Grupa samopomocowa jak\u0105 s\u0105 [&hellip;]<\/p>\n","protected":false},"author":1,"featured_media":0,"parent":0,"menu_order":0,"comment_status":"closed","ping_status":"closed","template":"","meta":{"footnotes":""},"class_list":["post-427","page","type-page","status-publish","hentry"],"_links":{"self":[{"href":"http:\/\/fundacjainterart.pl\/index.php\/wp-json\/wp\/v2\/pages\/427","targetHints":{"allow":["GET"]}}],"collection":[{"href":"http:\/\/fundacjainterart.pl\/index.php\/wp-json\/wp\/v2\/pages"}],"about":[{"href":"http:\/\/fundacjainterart.pl\/index.php\/wp-json\/wp\/v2\/types\/page"}],"author":[{"embeddable":true,"href":"http:\/\/fundacjainterart.pl\/index.php\/wp-json\/wp\/v2\/users\/1"}],"replies":[{"embeddable":true,"href":"http:\/\/fundacjainterart.pl\/index.php\/wp-json\/wp\/v2\/comments?post=427"}],"version-history":[{"count":18,"href":"http:\/\/fundacjainterart.pl\/index.php\/wp-json\/wp\/v2\/pages\/427\/revisions"}],"predecessor-version":[{"id":478,"href":"http:\/\/fundacjainterart.pl\/index.php\/wp-json\/wp\/v2\/pages\/427\/revisions\/478"}],"wp:attachment":[{"href":"http:\/\/fundacjainterart.pl\/index.php\/wp-json\/wp\/v2\/media?parent=427"}],"curies":[{"name":"wp","href":"https:\/\/api.w.org\/{rel}","templated":true}]}}