{"id":13,"date":"2020-02-27T22:14:47","date_gmt":"2020-02-27T21:14:47","guid":{"rendered":"http:\/\/fundacjainterart.pl\/?page_id=13"},"modified":"2020-02-27T22:20:12","modified_gmt":"2020-02-27T21:20:12","slug":"nowe-muzeum-sztuki-nowoczesnej-otwarlo-swoje-powoje","status":"publish","type":"page","link":"http:\/\/fundacjainterart.pl\/","title":{"rendered":"Fundacja Inter Art &#8211; Artystyczna Grupa Wsparcia"},"content":{"rendered":"\n<div class=\"wp-block-group alignwide\"><div class=\"wp-block-group__inner-container is-layout-flow wp-block-group-is-layout-flow\">\n<div class=\"wp-block-group\"><div class=\"wp-block-group__inner-container is-layout-flow wp-block-group-is-layout-flow\">\n<div class=\"wp-block-image\"><figure class=\"aligncenter size-large is-resized\"><img loading=\"lazy\" decoding=\"async\" src=\"http:\/\/fundacjainterart.pl\/wp-content\/uploads\/2020\/02\/inter-art_logo2020-przeci\u0105gni\u0119te.jpg\" alt=\"\" class=\"wp-image-117\" width=\"224\" height=\"228\"\/><\/figure><\/div>\n\n\n\n<p class=\"has-text-align-center\">Pomagamy osobom wychodz\u0105cym z uzale\u017cnie\u0144 oraz borykaj\u0105cym si\u0119 z wykluczeniem, zach\u0119caj\u0105c je do aktywnego poszukiwania siebie, r\u00f3wnowagi i pogody ducha w tworzeniu. Je\u017celi czujesz, \u017ce ju\u017c czas wyj\u015b\u0107 ze swojego wi\u0119zienia uzale\u017cnie\u0144 i autodestrukcji, to zapraszamy na pok\u0142ad pozytywnych do\u015bwiadcze\u0144!<\/p>\n\n\n\n<div class=\"wp-block-button aligncenter\"><a class=\"wp-block-button__link\" href=\"http:\/\/fundacjainterart.pl\/?page_id=14\">O nas<\/a><\/div>\n<\/div><\/div>\n<\/div><\/div>\n\n\n\n<div class=\"wp-block-columns alignwide is-layout-flex wp-container-core-columns-is-layout-1 wp-block-columns-is-layout-flex\">\n<div class=\"wp-block-column is-layout-flow wp-block-column-is-layout-flow\">\n<div class=\"wp-block-group\"><div class=\"wp-block-group__inner-container is-layout-flow wp-block-group-is-layout-flow\">\n<figure class=\"wp-block-image alignfull size-large\"><img loading=\"lazy\" decoding=\"async\" width=\"320\" height=\"214\" src=\"http:\/\/fundacjainterart.pl\/wp-content\/uploads\/2020\/02\/DSC_0118-1.jpg\" alt=\"\" class=\"wp-image-220\" srcset=\"http:\/\/fundacjainterart.pl\/wp-content\/uploads\/2020\/02\/DSC_0118-1.jpg 320w, http:\/\/fundacjainterart.pl\/wp-content\/uploads\/2020\/02\/DSC_0118-1-300x201.jpg 300w\" sizes=\"auto, (max-width: 320px) 100vw, 320px\" \/><\/figure>\n\n\n\n<h5 class=\"wp-block-heading\">Inter-Art<\/h5>\n\n\n\n<p>Historia Grupy<\/p>\n\n\n\n<div class=\"wp-block-button is-style-outline is-style-outline--1\"><a class=\"wp-block-button__link\" href=\"http:\/\/fundacjainterart.pl\/?page_id=74\">Czytaj wi\u0119cej<\/a><\/div>\n<\/div><\/div>\n<\/div>\n\n\n\n<div class=\"wp-block-column is-layout-flow wp-block-column-is-layout-flow\">\n<div class=\"wp-block-group\"><div class=\"wp-block-group__inner-container is-layout-flow wp-block-group-is-layout-flow\">\n<figure class=\"wp-block-image alignfull size-large\"><img loading=\"lazy\" decoding=\"async\" width=\"1024\" height=\"683\" src=\"http:\/\/fundacjainterart.pl\/wp-content\/uploads\/2020\/02\/Create-Obraz-LUM3N-z-Pixabay--1024x683.jpg\" alt=\"\" class=\"wp-image-36\" srcset=\"http:\/\/fundacjainterart.pl\/wp-content\/uploads\/2020\/02\/Create-Obraz-LUM3N-z-Pixabay--1024x683.jpg 1024w, http:\/\/fundacjainterart.pl\/wp-content\/uploads\/2020\/02\/Create-Obraz-LUM3N-z-Pixabay--300x200.jpg 300w, http:\/\/fundacjainterart.pl\/wp-content\/uploads\/2020\/02\/Create-Obraz-LUM3N-z-Pixabay--768x512.jpg 768w, http:\/\/fundacjainterart.pl\/wp-content\/uploads\/2020\/02\/Create-Obraz-LUM3N-z-Pixabay--1536x1024.jpg 1536w, http:\/\/fundacjainterart.pl\/wp-content\/uploads\/2020\/02\/Create-Obraz-LUM3N-z-Pixabay--1200x800.jpg 1200w, http:\/\/fundacjainterart.pl\/wp-content\/uploads\/2020\/02\/Create-Obraz-LUM3N-z-Pixabay-.jpg 1920w\" sizes=\"auto, (max-width: 1024px) 100vw, 1024px\" \/><\/figure>\n\n\n\n<h5 class=\"has-text-align-left wp-block-heading\">Nasze projekty<\/h5>\n\n\n\n<p class=\"has-text-align-left\">Co takiego robimy<\/p>\n\n\n\n<div class=\"wp-block-button is-style-outline is-style-outline--2\"><a class=\"wp-block-button__link\" href=\"http:\/\/fundacjainterart.pl\/?page_id=78\">Czytaj wi\u0119cej<\/a><\/div>\n<\/div><\/div>\n<\/div>\n\n\n\n<div class=\"wp-block-column is-layout-flow wp-block-column-is-layout-flow\">\n<div class=\"wp-block-group\"><div class=\"wp-block-group__inner-container is-layout-flow wp-block-group-is-layout-flow\">\n<figure class=\"wp-block-image alignfull size-large\"><img loading=\"lazy\" decoding=\"async\" width=\"1024\" height=\"682\" src=\"http:\/\/fundacjainterart.pl\/wp-content\/uploads\/2020\/02\/loose-change-Obraz-Roland-Steinmann-z-Pixabay-mini-1024x682.jpg\" alt=\"\" class=\"wp-image-38\" srcset=\"http:\/\/fundacjainterart.pl\/wp-content\/uploads\/2020\/02\/loose-change-Obraz-Roland-Steinmann-z-Pixabay-mini-1024x682.jpg 1024w, http:\/\/fundacjainterart.pl\/wp-content\/uploads\/2020\/02\/loose-change-Obraz-Roland-Steinmann-z-Pixabay-mini-300x200.jpg 300w, http:\/\/fundacjainterart.pl\/wp-content\/uploads\/2020\/02\/loose-change-Obraz-Roland-Steinmann-z-Pixabay-mini-768x512.jpg 768w, http:\/\/fundacjainterart.pl\/wp-content\/uploads\/2020\/02\/loose-change-Obraz-Roland-Steinmann-z-Pixabay-mini-1200x800.jpg 1200w, http:\/\/fundacjainterart.pl\/wp-content\/uploads\/2020\/02\/loose-change-Obraz-Roland-Steinmann-z-Pixabay-mini.jpg 1280w\" sizes=\"auto, (max-width: 1024px) 100vw, 1024px\" \/><\/figure>\n\n\n\n<h5 class=\"wp-block-heading\">Chc\u0119 pom\u00f3c<\/h5>\n\n\n\n<p>Jak mo\u017cesz nas wesprze\u0107<\/p>\n\n\n\n<div class=\"wp-block-button is-style-outline is-style-outline--3\"><a class=\"wp-block-button__link\" href=\"http:\/\/fundacjainterart.pl\/?page_id=81\">Czytaj wi\u0119cej<\/a><\/div>\n<\/div><\/div>\n<\/div>\n<\/div>\n\n\n\n<div class=\"wp-block-group\"><div class=\"wp-block-group__inner-container is-layout-flow wp-block-group-is-layout-flow\">\n<div class=\"wp-block-group alignwide\"><div class=\"wp-block-group__inner-container is-layout-flow wp-block-group-is-layout-flow\">\n<h3 class=\"has-accent-color has-text-color has-text-align-center wp-block-heading\">\u201eSztuka przynosi nam dow\u00f3d, \u017ce istnieje co\u015b innego ni\u017c nico\u015b\u0107\u201d<\/h3>\n\n\n\n<p class=\"has-text-align-right\">Marcel Proust<\/p>\n<\/div><\/div>\n<\/div><\/div>\n\n\n\n<p class=\"has-text-align-center\">Poprzez sztuk\u0119 wyra\u017camy siebie, swoje emocje. Dopuszczamy do g\u0142osu nasze demony, a czasami stawiamy im czo\u0142a. Pr\u00f3bujemy uchwyci\u0107 co\u015b ulotnego. Zatrzyma\u0107 wspomnienie. Oddajemy realny \u015bwiat lub przed nim uciekamy. Wybieramy swoje drogi.<\/p>\n\n\n\n<div class=\"wp-block-group alignwide has-background\" style=\"background-color:#ffffff\"><div class=\"wp-block-group__inner-container is-layout-flow wp-block-group-is-layout-flow\">\n<div class=\"wp-block-group\"><div class=\"wp-block-group__inner-container is-layout-flow wp-block-group-is-layout-flow\">\n<h2 class=\"has-text-align-center wp-block-heading\">Skontaktuj si\u0119 z nami!<\/h2>\n\n\n\n<p class=\"has-text-align-center\">Zastanawiasz si\u0119, jak mo\u017cesz nam pom\u00f3c? Mo\u017ce masz pomys\u0142y, kt\u00f3re pozwol\u0105 nam jeszcze lepiej dzia\u0142a\u0107?<br><br>Mo\u017ce to Ty potrzebujesz pomocy?<\/p>\n\n\n\n<div class=\"wp-block-button aligncenter\"><a class=\"wp-block-button__link\" href=\"https:\/\/make.wordpress.org\/core\/2019\/09\/27\/block-editor-theme-related-updates-in-wordpress-5-3\/\">NApisz do nas<\/a><\/div>\n<\/div><\/div>\n<\/div><\/div>\n\n\n\n<p><\/p>\n","protected":false},"excerpt":{"rendered":"<p>Pomagamy osobom wychodz\u0105cym z uzale\u017cnie\u0144 oraz borykaj\u0105cym si\u0119 z wykluczeniem, zach\u0119caj\u0105c je do aktywnego poszukiwania siebie, r\u00f3wnowagi i pogody ducha w tworzeniu. Je\u017celi czujesz, \u017ce ju\u017c czas wyj\u015b\u0107 ze swojego wi\u0119zienia uzale\u017cnie\u0144 i autodestrukcji, to zapraszamy na pok\u0142ad pozytywnych do\u015bwiadcze\u0144! Inter-Art Historia Grupy Nasze projekty Co takiego robimy Skontaktuj si\u0119 z nami! Zastanawiasz si\u0119, jak [&hellip;]<\/p>\n","protected":false},"author":1,"featured_media":0,"parent":0,"menu_order":0,"comment_status":"closed","ping_status":"closed","template":"","meta":{"footnotes":""},"class_list":["post-13","page","type-page","status-publish","hentry"],"_links":{"self":[{"href":"http:\/\/fundacjainterart.pl\/index.php\/wp-json\/wp\/v2\/pages\/13","targetHints":{"allow":["GET"]}}],"collection":[{"href":"http:\/\/fundacjainterart.pl\/index.php\/wp-json\/wp\/v2\/pages"}],"about":[{"href":"http:\/\/fundacjainterart.pl\/index.php\/wp-json\/wp\/v2\/types\/page"}],"author":[{"embeddable":true,"href":"http:\/\/fundacjainterart.pl\/index.php\/wp-json\/wp\/v2\/users\/1"}],"replies":[{"embeddable":true,"href":"http:\/\/fundacjainterart.pl\/index.php\/wp-json\/wp\/v2\/comments?post=13"}],"version-history":[{"count":84,"href":"http:\/\/fundacjainterart.pl\/index.php\/wp-json\/wp\/v2\/pages\/13\/revisions"}],"predecessor-version":[{"id":338,"href":"http:\/\/fundacjainterart.pl\/index.php\/wp-json\/wp\/v2\/pages\/13\/revisions\/338"}],"wp:attachment":[{"href":"http:\/\/fundacjainterart.pl\/index.php\/wp-json\/wp\/v2\/media?parent=13"}],"curies":[{"name":"wp","href":"https:\/\/api.w.org\/{rel}","templated":true}]}}